{"id":917,"date":"2017-09-08T10:30:51","date_gmt":"2017-09-08T08:30:51","guid":{"rendered":"https:\/\/www.cartononduledefrance.org\/corrugated-board-industry\/fruits-and-vegetables\/recyclable-reutilisable\/"},"modified":"2017-11-02T16:38:43","modified_gmt":"2017-11-02T15:38:43","slug":"recyclable-reusable","status":"publish","type":"page","link":"https:\/\/www.cartononduledefrance.org\/en\/fruits-and-vegetables\/recyclable-reusable\/","title":{"rendered":"recyclable or reusable, <br\/>this is the question !"},"content":{"rendered":"<div class=\"wpb-content-wrapper\"><p>[vc_section full_width=&#8221;stretch_row&#8221; css=&#8221;.vc_custom_1505223772991{padding-top: 80px !important;padding-bottom: 80px !important;}&#8221;][vc_row][vc_column width=&#8221;1\/6&#8243;][\/vc_column][vc_column width=&#8221;2\/3&#8243;][vc_custom_heading text=&#8221;recyclable, bien sur !&#8221; font_container=&#8221;tag:h2|text_align:center|color:%23d7a366&#8243; use_theme_fonts=&#8221;yes&#8221;][vc_column_text]Pour le prouver, <strong>Carton Ondul\u00e9 de France<\/strong> a r\u00e9alis\u00e9 avec le cabinet <strong>PricewaterhouseCoopers<\/strong> trois \u00e9valuations sur l&#8217;int\u00e9r\u00eat compar\u00e9 entre le bac plastique et le plateau en carton ondul\u00e9, pour trois segments\u00a0: le melon, l&#8217;endive et le champignon.[\/vc_column_text][vc_single_image image=&#8221;421&#8243; img_size=&#8221;full&#8221; alignment=&#8221;center&#8221; css_animation=&#8221;fadeIn&#8221;][vc_tta_accordion style=&#8221;flat&#8221; shape=&#8221;square&#8221; color=&#8221;chino&#8221; gap=&#8221;5&#8243; c_icon=&#8221;chevron&#8221; c_position=&#8221;right&#8221; active_section=&#8221;1&#8243; no_fill=&#8221;true&#8221; collapsible_all=&#8221;true&#8221;][vc_tta_section title=&#8221;\u00c9valuation environnementale de l&#8217;int\u00e9r\u00eat compar\u00e9 entre caisse en plastique r\u00e9utilisable et plateau en carton ondul\u00e9 recyclable&#8221; tab_id=&#8221;1505223024600-0864cfa0-cfca&#8221;][vc_column_text]Cette premi\u00e8re \u00e9tude a \u00e9t\u00e9 men\u00e9e en \u00e9troite collaboration avec l\u2019organisation repr\u00e9sentative des producteurs de l\u00e9gumes\u00a0: LEGUMES DE FRANCE. Elle a \u00e9t\u00e9 cofinanc\u00e9e par l\u2019Ademe.<br \/>\nElle conclue que le positionnement relatif des deux solutions d\u2019emballages est globalement en faveur du plateau en carton ondul\u00e9 ou similaire pour les trois fruits et l\u00e9gumes \u00e9tudi\u00e9s.<br \/>\nLa comparaison des bilans environnementaux montre que le bilan de la caisse plastique est fortement d\u00e9pendant de son nombre d\u2019utilisation et de l\u2019efficacit\u00e9 de la chaine logistique qui la met en \u0153uvre.<br \/>\nAvec une rotation annuelle des bacs comprise entre 3 et 5, le nombre de rotations n\u00e9cessaires pour que les caisses plastiques aient un bilan environnemental sup\u00e9rieur au plateau carton (au-del\u00e0 de la zone neutre) implique une dur\u00e9e de vie des bacs de 7 \u00e0 10 ans.[\/vc_column_text][\/vc_tta_section][vc_tta_section title=&#8221;\u00c9valuation \u00e9conomique de l&#8217;int\u00e9r\u00eat compar\u00e9 entre caisse en plastique r\u00e9utilisable et plateau en carton ondul\u00e9 recyclable&#8221; tab_id=&#8221;1505223024677-3a58321d-8714&#8243;][vc_column_text]Cette deuxi\u00e8me \u00e9tude a \u00e9t\u00e9 men\u00e9e en \u00e9troite collaboration avec l\u2019organisation repr\u00e9sentative des producteurs de l\u00e9gumes\u00a0: LEGUMES DE FRANCE.<br \/>\nElle conclue que le syst\u00e8me logistique passant par l\u2019achat d\u2019un plateau en carton ondul\u00e9 est moins on\u00e9reux globalement, que celui passant par la location d\u2019une caisse plastique \u00e0 chaque rotation et que le recours \u00e0 la caisse plastique r\u00e9utilisable engendre un surco\u00fbt pour les producteurs de l\u00e9gumes.<\/p>\n<p><strong>Co\u00fbts diff\u00e9rentiels entre cartons mont\u00e9s et bac plastique<\/strong><\/p>\n<table>\n<tbody>\n<tr>\n<td><\/td>\n<td><span style=\"color: #5e1b51;\">carton mont\u00e9<\/span><\/td>\n<td><span style=\"color: #5e1b51;\">bac plastique<\/span><\/td>\n<\/tr>\n<tr>\n<td><strong>Endive<\/strong><\/td>\n<td>1.291<\/td>\n<td>1.584<\/td>\n<\/tr>\n<tr>\n<td><strong>Champignon<\/strong><\/td>\n<td>1.227<\/td>\n<td>1.459<\/td>\n<\/tr>\n<tr>\n<td><strong>Melon<\/strong><\/td>\n<td>1.437<\/td>\n<td>1.532<\/td>\n<\/tr>\n<\/tbody>\n<\/table>\n<p>[\/vc_column_text][\/vc_tta_section][vc_tta_section title=&#8221;Intensit\u00e9 emploi compar\u00e9e du carton ondul\u00e9 et du bac plastique en France&#8221; tab_id=&#8221;1505223442552-c3f68862-e564&#8243;][vc_column_text]Cette troisi\u00e8me \u00e9tude montre que la fili\u00e8re du carton ondul\u00e9, avec 73\u00a0sites diss\u00e9min\u00e9s sur tout le territoire national, repr\u00e9sente environ 40\u00a0000 emplois totaux en France (dont 11\u00a0600 emplois directs) et une valeur ajout\u00e9e totale d\u2019environ 2,7\u00a0Mds\u00a0\u20ac. L&#8217;intensit\u00e9 emploi de l\u2019industrie du Carton Ondul\u00e9 pour le seul segment des fruits et l\u00e9gumes est environ 40\u00a0% plus \u00e9lev\u00e9 que pour le bac plastique, sans en diminuer la comp\u00e9titivit\u00e9, mais du fait du maintien d\u2019un maillage dense de sites de productions pour \u00eatre proches de ses clients.<br \/>\nLa fili\u00e8re du carton ondul\u00e9 se distingue \u00e9galement par son ancrage sur le territoire national et son poids dans le tissu \u00e9conomique et social local.<br \/>\n[\/vc_column_text][\/vc_tta_section][\/vc_tta_accordion][vc_column_text]<\/p>\n<p style=\"text-align: center;\"><span style=\"color: #5e1b51;\"><strong>Pour obtenir les synth\u00e8ses des r\u00e9sultats ou les dossiers de presse<\/strong><\/span><\/p>\n<p>[\/vc_column_text][vc_btn title=&#8221;contactez-nous&#8221; style=&#8221;classic&#8221; shape=&#8221;square&#8221; color=&#8221;white&#8221; align=&#8221;center&#8221; i_align=&#8221;right&#8221; i_icon_fontawesome=&#8221;fa fa-angle-right&#8221; add_icon=&#8221;true&#8221; link=&#8221;url:%2F%3Fpage_id%3D186|&#8221;][\/vc_column][vc_column width=&#8221;1\/6&#8243;][\/vc_column][\/vc_row][vc_row][vc_column][vc_btn title=&#8221;BACK&#8221; style=&#8221;classic&#8221; shape=&#8221;square&#8221; color=&#8221;white&#8221; size=&#8221;sm&#8221; align=&#8221;left&#8221; i_icon_fontawesome=&#8221;fa fa-angle-left&#8221; add_icon=&#8221;true&#8221; link=&#8221;url:%2F%3Fpage_id%3D174|&#8221;][\/vc_column][\/vc_row][\/vc_section]<\/p>\n<\/div>","protected":false},"excerpt":{"rendered":"<p>[vc_section full_width=&#8221;stretch_row&#8221; css=&#8221;.vc_custom_1505223772991{padding-top: 80px !important;padding-bottom: 80px !important;}&#8221;][vc_row][vc_column width=&#8221;1\/6&#8243;][\/vc_column][vc_column width=&#8221;2\/3&#8243;][vc_custom_heading text=&#8221;recyclable, bien sur !&#8221; font_container=&#8221;tag:h2|text_align:center|color:%23d7a366&#8243; use_theme_fonts=&#8221;yes&#8221;][vc_column_text]Pour le prouver, Carton [&hellip;]<\/p>\n","protected":false},"author":2,"featured_media":605,"parent":909,"menu_order":0,"comment_status":"closed","ping_status":"closed","template":"","meta":{"_monsterinsights_skip_tracking":false,"_monsterinsights_sitenote_active":false,"_monsterinsights_sitenote_note":"","_monsterinsights_sitenote_category":0,"footnotes":""},"class_list":["post-917","page","type-page","status-publish","has-post-thumbnail","hentry"],"acf":[],"yoast_head":"<!-- This site is optimized with the Yoast SEO plugin v24.8.1 - https:\/\/yoast.com\/wordpress\/plugins\/seo\/ -->\n<title>fruits and vegetables corrugated cardboard tray are recyclable<\/title>\n<meta name=\"description\" content=\"Carton Ondul\u00e9 de France commissioned three studies, evaluating the comparative interest of reusable plastic crates and recyclable corrugated cardboard trays\" \/>\n<meta name=\"robots\" content=\"index, follow, max-snippet:-1, max-image-preview:large, max-video-preview:-1\" \/>\n<link rel=\"canonical\" href=\"https:\/\/www.cartononduledefrance.org\/en\/fruits-and-vegetables\/recyclable-reusable\/\" \/>\n<meta property=\"og:locale\" content=\"en_US\" \/>\n<meta property=\"og:type\" content=\"article\" \/>\n<meta property=\"og:title\" content=\"fruits and vegetables corrugated cardboard tray are recyclable\" \/>\n<meta property=\"og:description\" content=\"Carton Ondul\u00e9 de France commissioned three studies, evaluating the comparative interest of reusable plastic crates and recyclable corrugated cardboard trays\" \/>\n<meta property=\"og:url\" content=\"https:\/\/www.cartononduledefrance.org\/en\/fruits-and-vegetables\/recyclable-reusable\/\" \/>\n<meta property=\"og:site_name\" content=\"Carton Ondul\u00e9 de France\" \/>\n<meta property=\"article:modified_time\" content=\"2017-11-02T15:38:43+00:00\" \/>\n<meta property=\"og:image\" content=\"https:\/\/www.cartononduledefrance.org\/wp-content\/uploads\/2017\/09\/header04.jpg\" \/>\n\t<meta property=\"og:image:width\" content=\"1920\" \/>\n\t<meta property=\"og:image:height\" content=\"665\" \/>\n\t<meta property=\"og:image:type\" content=\"image\/jpeg\" \/>\n<meta name=\"twitter:card\" content=\"summary_large_image\" \/>\n<meta name=\"twitter:label1\" content=\"Est. reading time\" \/>\n\t<meta name=\"twitter:data1\" content=\"3 minutes\" \/>\n<script type=\"application\/ld+json\" class=\"yoast-schema-graph\">{\"@context\":\"https:\/\/schema.org\",\"@graph\":[{\"@type\":\"WebPage\",\"@id\":\"https:\/\/www.cartononduledefrance.org\/en\/fruits-and-vegetables\/recyclable-reusable\/\",\"url\":\"https:\/\/www.cartononduledefrance.org\/en\/fruits-and-vegetables\/recyclable-reusable\/\",\"name\":\"fruits and vegetables corrugated cardboard tray are recyclable\",\"isPartOf\":{\"@id\":\"https:\/\/www.cartononduledefrance.org\/#website\"},\"primaryImageOfPage\":{\"@id\":\"https:\/\/www.cartononduledefrance.org\/en\/fruits-and-vegetables\/recyclable-reusable\/#primaryimage\"},\"image\":{\"@id\":\"https:\/\/www.cartononduledefrance.org\/en\/fruits-and-vegetables\/recyclable-reusable\/#primaryimage\"},\"thumbnailUrl\":\"https:\/\/www.cartononduledefrance.org\/wp-content\/uploads\/2017\/09\/header04.jpg\",\"datePublished\":\"2017-09-08T08:30:51+00:00\",\"dateModified\":\"2017-11-02T15:38:43+00:00\",\"description\":\"Carton Ondul\u00e9 de France commissioned three studies, evaluating the comparative interest of reusable plastic crates and recyclable corrugated cardboard trays\",\"breadcrumb\":{\"@id\":\"https:\/\/www.cartononduledefrance.org\/en\/fruits-and-vegetables\/recyclable-reusable\/#breadcrumb\"},\"inLanguage\":\"en-US\",\"potentialAction\":[{\"@type\":\"ReadAction\",\"target\":[\"https:\/\/www.cartononduledefrance.org\/en\/fruits-and-vegetables\/recyclable-reusable\/\"]}]},{\"@type\":\"ImageObject\",\"inLanguage\":\"en-US\",\"@id\":\"https:\/\/www.cartononduledefrance.org\/en\/fruits-and-vegetables\/recyclable-reusable\/#primaryimage\",\"url\":\"https:\/\/www.cartononduledefrance.org\/wp-content\/uploads\/2017\/09\/header04.jpg\",\"contentUrl\":\"https:\/\/www.cartononduledefrance.org\/wp-content\/uploads\/2017\/09\/header04.jpg\",\"width\":1920,\"height\":665},{\"@type\":\"BreadcrumbList\",\"@id\":\"https:\/\/www.cartononduledefrance.org\/en\/fruits-and-vegetables\/recyclable-reusable\/#breadcrumb\",\"itemListElement\":[{\"@type\":\"ListItem\",\"position\":1,\"name\":\"Accueil\",\"item\":\"https:\/\/www.cartononduledefrance.org\/en\/\"},{\"@type\":\"ListItem\",\"position\":2,\"name\":\"fruits and vegetables\",\"item\":\"https:\/\/www.cartononduledefrance.org\/en\/fruits-and-vegetables\/\"},{\"@type\":\"ListItem\",\"position\":3,\"name\":\"recyclable or reusable, this is the question !\"}]},{\"@type\":\"WebSite\",\"@id\":\"https:\/\/www.cartononduledefrance.org\/#website\",\"url\":\"https:\/\/www.cartononduledefrance.org\/\",\"name\":\"Carton Ondul\u00e9 de France\",\"description\":\"Corrugated Board, the good genius of trade!\",\"publisher\":{\"@id\":\"https:\/\/www.cartononduledefrance.org\/#organization\"},\"potentialAction\":[{\"@type\":\"SearchAction\",\"target\":{\"@type\":\"EntryPoint\",\"urlTemplate\":\"https:\/\/www.cartononduledefrance.org\/?s={search_term_string}\"},\"query-input\":{\"@type\":\"PropertyValueSpecification\",\"valueRequired\":true,\"valueName\":\"search_term_string\"}}],\"inLanguage\":\"en-US\"},{\"@type\":\"Organization\",\"@id\":\"https:\/\/www.cartononduledefrance.org\/#organization\",\"name\":\"Carton Ondul\u00e9 de France\",\"url\":\"https:\/\/www.cartononduledefrance.org\/\",\"logo\":{\"@type\":\"ImageObject\",\"inLanguage\":\"en-US\",\"@id\":\"https:\/\/www.cartononduledefrance.org\/#\/schema\/logo\/image\/\",\"url\":\"https:\/\/www.cartononduledefrance.org\/wp-content\/uploads\/2017\/09\/cropped-logo-1.png\",\"contentUrl\":\"https:\/\/www.cartononduledefrance.org\/wp-content\/uploads\/2017\/09\/cropped-logo-1.png\",\"width\":187,\"height\":45,\"caption\":\"Carton Ondul\u00e9 de France\"},\"image\":{\"@id\":\"https:\/\/www.cartononduledefrance.org\/#\/schema\/logo\/image\/\"}}]}<\/script>\n<!-- \/ Yoast SEO plugin. -->","yoast_head_json":{"title":"fruits and vegetables corrugated cardboard tray are recyclable","description":"Carton Ondul\u00e9 de France commissioned three studies, evaluating the comparative interest of reusable plastic crates and recyclable corrugated cardboard trays","robots":{"index":"index","follow":"follow","max-snippet":"max-snippet:-1","max-image-preview":"max-image-preview:large","max-video-preview":"max-video-preview:-1"},"canonical":"https:\/\/www.cartononduledefrance.org\/en\/fruits-and-vegetables\/recyclable-reusable\/","og_locale":"en_US","og_type":"article","og_title":"fruits and vegetables corrugated cardboard tray are recyclable","og_description":"Carton Ondul\u00e9 de France commissioned three studies, evaluating the comparative interest of reusable plastic crates and recyclable corrugated cardboard trays","og_url":"https:\/\/www.cartononduledefrance.org\/en\/fruits-and-vegetables\/recyclable-reusable\/","og_site_name":"Carton Ondul\u00e9 de France","article_modified_time":"2017-11-02T15:38:43+00:00","og_image":[{"width":1920,"height":665,"url":"https:\/\/www.cartononduledefrance.org\/wp-content\/uploads\/2017\/09\/header04.jpg","type":"image\/jpeg"}],"twitter_card":"summary_large_image","twitter_misc":{"Est. reading time":"3 minutes"},"schema":{"@context":"https:\/\/schema.org","@graph":[{"@type":"WebPage","@id":"https:\/\/www.cartononduledefrance.org\/en\/fruits-and-vegetables\/recyclable-reusable\/","url":"https:\/\/www.cartononduledefrance.org\/en\/fruits-and-vegetables\/recyclable-reusable\/","name":"fruits and vegetables corrugated cardboard tray are recyclable","isPartOf":{"@id":"https:\/\/www.cartononduledefrance.org\/#website"},"primaryImageOfPage":{"@id":"https:\/\/www.cartononduledefrance.org\/en\/fruits-and-vegetables\/recyclable-reusable\/#primaryimage"},"image":{"@id":"https:\/\/www.cartononduledefrance.org\/en\/fruits-and-vegetables\/recyclable-reusable\/#primaryimage"},"thumbnailUrl":"https:\/\/www.cartononduledefrance.org\/wp-content\/uploads\/2017\/09\/header04.jpg","datePublished":"2017-09-08T08:30:51+00:00","dateModified":"2017-11-02T15:38:43+00:00","description":"Carton Ondul\u00e9 de France commissioned three studies, evaluating the comparative interest of reusable plastic crates and recyclable corrugated cardboard trays","breadcrumb":{"@id":"https:\/\/www.cartononduledefrance.org\/en\/fruits-and-vegetables\/recyclable-reusable\/#breadcrumb"},"inLanguage":"en-US","potentialAction":[{"@type":"ReadAction","target":["https:\/\/www.cartononduledefrance.org\/en\/fruits-and-vegetables\/recyclable-reusable\/"]}]},{"@type":"ImageObject","inLanguage":"en-US","@id":"https:\/\/www.cartononduledefrance.org\/en\/fruits-and-vegetables\/recyclable-reusable\/#primaryimage","url":"https:\/\/www.cartononduledefrance.org\/wp-content\/uploads\/2017\/09\/header04.jpg","contentUrl":"https:\/\/www.cartononduledefrance.org\/wp-content\/uploads\/2017\/09\/header04.jpg","width":1920,"height":665},{"@type":"BreadcrumbList","@id":"https:\/\/www.cartononduledefrance.org\/en\/fruits-and-vegetables\/recyclable-reusable\/#breadcrumb","itemListElement":[{"@type":"ListItem","position":1,"name":"Accueil","item":"https:\/\/www.cartononduledefrance.org\/en\/"},{"@type":"ListItem","position":2,"name":"fruits and vegetables","item":"https:\/\/www.cartononduledefrance.org\/en\/fruits-and-vegetables\/"},{"@type":"ListItem","position":3,"name":"recyclable or reusable, this is the question !"}]},{"@type":"WebSite","@id":"https:\/\/www.cartononduledefrance.org\/#website","url":"https:\/\/www.cartononduledefrance.org\/","name":"Carton Ondul\u00e9 de France","description":"Corrugated Board, the good genius of trade!","publisher":{"@id":"https:\/\/www.cartononduledefrance.org\/#organization"},"potentialAction":[{"@type":"SearchAction","target":{"@type":"EntryPoint","urlTemplate":"https:\/\/www.cartononduledefrance.org\/?s={search_term_string}"},"query-input":{"@type":"PropertyValueSpecification","valueRequired":true,"valueName":"search_term_string"}}],"inLanguage":"en-US"},{"@type":"Organization","@id":"https:\/\/www.cartononduledefrance.org\/#organization","name":"Carton Ondul\u00e9 de France","url":"https:\/\/www.cartononduledefrance.org\/","logo":{"@type":"ImageObject","inLanguage":"en-US","@id":"https:\/\/www.cartononduledefrance.org\/#\/schema\/logo\/image\/","url":"https:\/\/www.cartononduledefrance.org\/wp-content\/uploads\/2017\/09\/cropped-logo-1.png","contentUrl":"https:\/\/www.cartononduledefrance.org\/wp-content\/uploads\/2017\/09\/cropped-logo-1.png","width":187,"height":45,"caption":"Carton Ondul\u00e9 de France"},"image":{"@id":"https:\/\/www.cartononduledefrance.org\/#\/schema\/logo\/image\/"}}]}},"_links":{"self":[{"href":"https:\/\/www.cartononduledefrance.org\/en\/wp-json\/wp\/v2\/pages\/917\/"}],"collection":[{"href":"https:\/\/www.cartononduledefrance.org\/en\/wp-json\/wp\/v2\/pages\/"}],"about":[{"href":"https:\/\/www.cartononduledefrance.org\/en\/wp-json\/wp\/v2\/types\/page\/"}],"author":[{"embeddable":true,"href":"https:\/\/www.cartononduledefrance.org\/en\/wp-json\/wp\/v2\/users\/2\/"}],"replies":[{"embeddable":true,"href":"https:\/\/www.cartononduledefrance.org\/en\/wp-json\/wp\/v2\/comments\/?post=917"}],"version-history":[{"count":7,"href":"https:\/\/www.cartononduledefrance.org\/en\/wp-json\/wp\/v2\/pages\/917\/revisions\/"}],"predecessor-version":[{"id":1199,"href":"https:\/\/www.cartononduledefrance.org\/en\/wp-json\/wp\/v2\/pages\/917\/revisions\/1199\/"}],"up":[{"embeddable":true,"href":"https:\/\/www.cartononduledefrance.org\/en\/wp-json\/wp\/v2\/pages\/909\/"}],"wp:featuredmedia":[{"embeddable":true,"href":"https:\/\/www.cartononduledefrance.org\/en\/wp-json\/wp\/v2\/media\/605\/"}],"wp:attachment":[{"href":"https:\/\/www.cartononduledefrance.org\/en\/wp-json\/wp\/v2\/media\/?parent=917"}],"curies":[{"name":"wp","href":"https:\/\/api.w.org\/{rel}","templated":true}]}}